{"id":16240,"date":"2024-01-11T12:06:51","date_gmt":"2024-01-11T12:06:51","guid":{"rendered":"https:\/\/flowplus.be\/site\/2024\/a-propos-de-nous\/"},"modified":"2024-01-11T12:06:53","modified_gmt":"2024-01-11T12:06:53","slug":"a-propos-de-nous","status":"publish","type":"page","link":"https:\/\/flowplus.be\/fr\/a-propos-de-nous\/","title":{"rendered":"A propos de nous"},"content":{"rendered":"\t\t<div data-elementor-type=\"wp-page\" data-elementor-id=\"16240\" class=\"elementor elementor-16240 elementor-14556\" data-elementor-post-type=\"page\">\n\t\t\t\t\t\t<section class=\"elementor-section elementor-top-section elementor-element elementor-element-7f6c44b4 elementor-section-full_width elementor-section-height-default elementor-section-height-default\" data-id=\"7f6c44b4\" data-element_type=\"section\" data-e-type=\"section\" data-settings=\"{&quot;background_background&quot;:&quot;classic&quot;}\">\n\t\t\t\t\t\t\t<div class=\"elementor-background-overlay\"><\/div>\n\t\t\t\t\t\t\t<div class=\"elementor-container elementor-column-gap-default\">\n\t\t\t\t\t<div class=\"elementor-column elementor-col-100 elementor-top-column elementor-element elementor-element-4eb6d111\" data-id=\"4eb6d111\" data-element_type=\"column\" data-e-type=\"column\">\n\t\t\t<div class=\"elementor-widget-wrap elementor-element-populated\">\n\t\t\t\t\t\t<section class=\"elementor-section elementor-inner-section elementor-element elementor-element-6f012c21 elementor-section-content-bottom elementor-section-boxed elementor-section-height-default elementor-section-height-default\" data-id=\"6f012c21\" data-element_type=\"section\" data-e-type=\"section\">\n\t\t\t\t\t\t<div class=\"elementor-container elementor-column-gap-default\">\n\t\t\t\t\t<div class=\"elementor-column elementor-col-50 elementor-inner-column elementor-element elementor-element-164415b5\" data-id=\"164415b5\" data-element_type=\"column\" data-e-type=\"column\">\n\t\t\t<div class=\"elementor-widget-wrap elementor-element-populated\">\n\t\t\t\t\t\t<div class=\"elementor-element elementor-element-2831543 elementor-widget elementor-widget-heading\" data-id=\"2831543\" data-element_type=\"widget\" data-e-type=\"widget\" data-widget_type=\"heading.default\">\n\t\t\t\t\t<h1 class=\"elementor-heading-title elementor-size-default\">A propos de nous<\/h1>\t\t\t\t<\/div>\n\t\t\t\t\t<\/div>\n\t\t<\/div>\n\t\t\t\t<div class=\"elementor-column elementor-col-50 elementor-inner-column elementor-element elementor-element-6f946bf9\" data-id=\"6f946bf9\" data-element_type=\"column\" data-e-type=\"column\">\n\t\t\t<div class=\"elementor-widget-wrap\">\n\t\t\t\t\t\t\t<\/div>\n\t\t<\/div>\n\t\t\t\t\t<\/div>\n\t\t<\/section>\n\t\t\t\t\t<\/div>\n\t\t<\/div>\n\t\t\t\t\t<\/div>\n\t\t<\/section>\n\t\t\t\t<section class=\"elementor-section elementor-top-section elementor-element elementor-element-64a96fbc elementor-section-boxed elementor-section-height-default elementor-section-height-default\" data-id=\"64a96fbc\" data-element_type=\"section\" data-e-type=\"section\">\n\t\t\t\t\t\t\t<div class=\"elementor-background-overlay\"><\/div>\n\t\t\t\t\t\t\t<div class=\"elementor-container elementor-column-gap-default\">\n\t\t\t\t\t<div class=\"elementor-column elementor-col-100 elementor-top-column elementor-element elementor-element-2e60fedd\" data-id=\"2e60fedd\" data-element_type=\"column\" data-e-type=\"column\">\n\t\t\t<div class=\"elementor-widget-wrap elementor-element-populated\">\n\t\t\t\t\t\t<section class=\"elementor-section elementor-inner-section elementor-element elementor-element-37edf52c elementor-section-boxed elementor-section-height-default elementor-section-height-default\" data-id=\"37edf52c\" data-element_type=\"section\" data-e-type=\"section\">\n\t\t\t\t\t\t<div class=\"elementor-container elementor-column-gap-default\">\n\t\t\t\t\t<div class=\"elementor-column elementor-col-50 elementor-inner-column elementor-element elementor-element-65a6d6e\" data-id=\"65a6d6e\" data-element_type=\"column\" data-e-type=\"column\">\n\t\t\t<div class=\"elementor-widget-wrap elementor-element-populated\">\n\t\t\t\t\t\t<div class=\"elementor-element elementor-element-3f93e185 elementor-widget-divider--view-line_text elementor-widget-divider--element-align-right elementor-widget elementor-widget-divider\" data-id=\"3f93e185\" data-element_type=\"widget\" data-e-type=\"widget\" data-widget_type=\"divider.default\">\n\t\t\t\t\t\t\t<div class=\"elementor-divider\">\n\t\t\t<span class=\"elementor-divider-separator\">\n\t\t\t\t\t\t\t<div class=\"elementor-divider__text elementor-divider__element\">\n\t\t\t\tDurable et qualitatif. Nous ne nous contentons pas de moins.\t\t\t\t<\/div>\n\t\t\t\t\t\t<\/span>\n\t\t<\/div>\n\t\t\t\t\t\t<\/div>\n\t\t\t\t<div class=\"elementor-element elementor-element-27a35bd0 elementor-widget elementor-widget-heading\" data-id=\"27a35bd0\" data-element_type=\"widget\" data-e-type=\"widget\" data-widget_type=\"heading.default\">\n\t\t\t\t\t<h2 class=\"elementor-heading-title elementor-size-default\">Nous installons et entretenons votre climatisation, ventilation et pompe \u00e0 chaleur<\/h2>\t\t\t\t<\/div>\n\t\t\t\t<div class=\"elementor-element elementor-element-309bce9f elementor-widget elementor-widget-text-editor\" data-id=\"309bce9f\" data-element_type=\"widget\" data-e-type=\"widget\" data-widget_type=\"text-editor.default\">\n\t\t\t\t\t\t\t\t\t<p>Tout le monde m\u00e9rite une qualit\u00e9 la climatisation efficace syst\u00e8me de ventilation et durable<br \/>\npompe \u00e0 chaleur. Flowplus s\u2019en occupe. Notre \u00e9quipe vous propose \u2013 en tant que particulier ou en tant qu\u2019entrepreneur \u2013 la meilleure solution pour votre projet. Parce que vous m\u00e9ritez la meilleure qualit\u00e9, nous travaillons d\u00e9lib\u00e9r\u00e9ment et exclusivement avec les appareils de haute qualit\u00e9 de\u00a0Daikin.<\/p>\n<p>En plus de\u00a0<b>l\u2019installation<\/b>\u00a0<b>professionnelle<\/b>, nous nous occupons \u00e9galement de l\u2019entretien p\u00e9riodique des appareils. Cela leur conf\u00e8re une plus longue dur\u00e9e de vie et vous \u00e9vite des co\u00fbts inutiles. En outre, notre service de r\u00e9paration interne garantit une solution rapide \u00e0 tout probl\u00e8me technique, de jour comme de nuit. Flowplus veille \u00e0 ce que vous n\u2019ayez pas \u00e0 vous soucier de votre\u00a0<b>climatisation<\/b>, de votre\u00a0<b>ventilation<\/b>\u00a0et de vos\u00a0<b>pompes \u00e0 chaleur<\/b>.<\/p>\n\t\t\t\t\t\t\t\t<\/div>\n\t\t\t\t<div class=\"elementor-element elementor-element-64a659a elementor-align-left elementor-widget elementor-widget-button\" data-id=\"64a659a\" data-element_type=\"widget\" data-e-type=\"widget\" data-widget_type=\"button.default\">\n\t\t\t\t\t\t\t\t\t\t<a class=\"elementor-button elementor-button-link elementor-size-md elementor-animation-grow\" href=\"https:\/\/flowplus.be\/fr\/contacter\/\">\n\t\t\t\t\t\t<span class=\"elementor-button-content-wrapper\">\n\t\t\t\t\t\t<span class=\"elementor-button-icon\">\n\t\t\t\t<svg aria-hidden=\"true\" class=\"e-font-icon-svg e-fas-caret-right\" viewBox=\"0 0 192 512\" xmlns=\"http:\/\/www.w3.org\/2000\/svg\"><path d=\"M0 384.662V127.338c0-17.818 21.543-26.741 34.142-14.142l128.662 128.662c7.81 7.81 7.81 20.474 0 28.284L34.142 398.804C21.543 411.404 0 402.48 0 384.662z\"><\/path><\/svg>\t\t\t<\/span>\n\t\t\t\t\t\t\t\t\t<span class=\"elementor-button-text\">Contactez-nous<\/span>\n\t\t\t\t\t<\/span>\n\t\t\t\t\t<\/a>\n\t\t\t\t\t\t\t\t<\/div>\n\t\t\t\t\t<\/div>\n\t\t<\/div>\n\t\t\t\t<div class=\"elementor-column elementor-col-50 elementor-inner-column elementor-element elementor-element-7cc0c122\" data-id=\"7cc0c122\" data-element_type=\"column\" data-e-type=\"column\" data-settings=\"{&quot;animation&quot;:&quot;none&quot;}\">\n\t\t\t<div class=\"elementor-widget-wrap elementor-element-populated\">\n\t\t\t\t\t\t<div class=\"elementor-element elementor-element-175086ca elementor-widget elementor-widget-image\" data-id=\"175086ca\" data-element_type=\"widget\" data-e-type=\"widget\" data-widget_type=\"image.default\">\n\t\t\t\t\t\t\t\t\t\t\t\t\t\t\t<img fetchpriority=\"high\" decoding=\"async\" width=\"640\" height=\"480\" src=\"https:\/\/flowplus.be\/site\/2024\/wp-content\/uploads\/2023\/03\/IMG_2286-rotated-1.jpeg\" class=\"attachment-full size-full wp-image-14214\" alt=\"\" srcset=\"https:\/\/flowplus.be\/site\/2024\/wp-content\/uploads\/2023\/03\/IMG_2286-rotated-1.jpeg 640w, https:\/\/flowplus.be\/site\/2024\/wp-content\/uploads\/2023\/03\/IMG_2286-rotated-1-300x225.jpeg 300w\" sizes=\"(max-width: 640px) 100vw, 640px\" \/>\t\t\t\t\t\t\t\t\t\t\t\t\t\t\t<\/div>\n\t\t\t\t\t<\/div>\n\t\t<\/div>\n\t\t\t\t\t<\/div>\n\t\t<\/section>\n\t\t\t\t\t<\/div>\n\t\t<\/div>\n\t\t\t\t\t<\/div>\n\t\t<\/section>\n\t\t\t\t<section class=\"elementor-section elementor-top-section elementor-element elementor-element-141f5080 elementor-section-boxed elementor-section-height-default elementor-section-height-default\" data-id=\"141f5080\" data-element_type=\"section\" data-e-type=\"section\">\n\t\t\t\t\t\t<div class=\"elementor-container elementor-column-gap-default\">\n\t\t\t\t\t<div class=\"elementor-column elementor-col-100 elementor-top-column elementor-element elementor-element-3c2deb6b\" data-id=\"3c2deb6b\" data-element_type=\"column\" data-e-type=\"column\">\n\t\t\t<div class=\"elementor-widget-wrap elementor-element-populated\">\n\t\t\t\t\t\t<div class=\"elementor-element elementor-element-6e07bf77 elementor-widget-divider--view-line_text elementor-widget-divider--element-align-left elementor-widget elementor-widget-divider\" data-id=\"6e07bf77\" data-element_type=\"widget\" data-e-type=\"widget\" data-widget_type=\"divider.default\">\n\t\t\t\t\t\t\t<div class=\"elementor-divider\">\n\t\t\t<span class=\"elementor-divider-separator\">\n\t\t\t\t\t\t\t<h3 class=\"elementor-divider__text elementor-divider__element\">\n\t\t\t\tNouvelles\t\t\t\t<\/h3>\n\t\t\t\t\t\t<\/span>\n\t\t<\/div>\n\t\t\t\t\t\t<\/div>\n\t\t\t\t<section class=\"elementor-section elementor-inner-section elementor-element elementor-element-32bc7ab0 elementor-section-boxed elementor-section-height-default elementor-section-height-default\" data-id=\"32bc7ab0\" data-element_type=\"section\" data-e-type=\"section\">\n\t\t\t\t\t\t<div class=\"elementor-container elementor-column-gap-default\">\n\t\t\t\t\t<div class=\"elementor-column elementor-col-100 elementor-inner-column elementor-element elementor-element-25007828\" data-id=\"25007828\" data-element_type=\"column\" data-e-type=\"column\" data-settings=\"{&quot;animation&quot;:&quot;none&quot;}\">\n\t\t\t<div class=\"elementor-widget-wrap\">\n\t\t\t\t\t\t\t<\/div>\n\t\t<\/div>\n\t\t\t\t\t<\/div>\n\t\t<\/section>\n\t\t\t\t\t<\/div>\n\t\t<\/div>\n\t\t\t\t\t<\/div>\n\t\t<\/section>\n\t\t\t\t<\/div>\n\t\t","protected":false},"excerpt":{"rendered":"<p>A propos de nous Durable et qualitatif. Nous ne nous contentons pas de moins. Nous installons et entretenons votre climatisation, ventilation et pompe \u00e0 chaleur Tout le monde m\u00e9rite une qualit\u00e9 la climatisation efficace syst\u00e8me de ventilation et durable pompe \u00e0 chaleur. Flowplus s\u2019en occupe. Notre \u00e9quipe vous propose \u2013 en tant que particulier ou [&hellip;]<\/p>\n","protected":false},"author":1,"featured_media":0,"parent":0,"menu_order":0,"comment_status":"closed","ping_status":"closed","template":"","meta":{"footnotes":""},"class_list":["post-16240","page","type-page","status-publish","hentry"],"yoast_head":"<!-- This site is optimized with the Yoast SEO Premium plugin v27.5 (Yoast SEO v27.6) - https:\/\/yoast.com\/product\/yoast-seo-premium-wordpress\/ -->\n<title>Nous installons et entretenons votre climatisation, ventilation et pompe \u00e0 chaleur<\/title>\n<meta name=\"robots\" content=\"index, follow, max-snippet:-1, max-image-preview:large, max-video-preview:-1\" \/>\n<link rel=\"canonical\" href=\"https:\/\/flowplus.be\/fr\/a-propos-de-nous\/\" \/>\n<meta property=\"og:locale\" content=\"fr_FR\" \/>\n<meta property=\"og:type\" content=\"article\" \/>\n<meta property=\"og:title\" content=\"A propos de nous\" \/>\n<meta property=\"og:description\" content=\"A propos de nous Durable et qualitatif. Nous ne nous contentons pas de moins. Nous installons et entretenons votre climatisation, ventilation et pompe \u00e0 chaleur Tout le monde m\u00e9rite une qualit\u00e9 la climatisation efficace syst\u00e8me de ventilation et durable pompe \u00e0 chaleur. Flowplus s\u2019en occupe. Notre \u00e9quipe vous propose \u2013 en tant que particulier ou [&hellip;]\" \/>\n<meta property=\"og:url\" content=\"https:\/\/flowplus.be\/fr\/a-propos-de-nous\/\" \/>\n<meta property=\"og:site_name\" content=\"Flowplus | Airco - Warmtepompen - Ventilatie\" \/>\n<meta property=\"article:publisher\" content=\"https:\/\/www.facebook.com\/people\/Flowplus\/100049219518867\/\" \/>\n<meta property=\"article:modified_time\" content=\"2024-01-11T12:06:53+00:00\" \/>\n<meta property=\"og:image\" content=\"https:\/\/flowplus.be\/site\/2024\/wp-content\/uploads\/2023\/03\/IMG_2286-rotated-1.jpeg\" \/>\n<meta name=\"twitter:card\" content=\"summary_large_image\" \/>\n<meta name=\"twitter:label1\" content=\"Dur\u00e9e de lecture estim\u00e9e\" \/>\n\t<meta name=\"twitter:data1\" content=\"3 minutes\" \/>\n<script type=\"application\/ld+json\" class=\"yoast-schema-graph\">{\"@context\":\"https:\\\/\\\/schema.org\",\"@graph\":[{\"@type\":\"WebPage\",\"@id\":\"https:\\\/\\\/flowplus.be\\\/fr\\\/a-propos-de-nous\\\/\",\"url\":\"https:\\\/\\\/flowplus.be\\\/fr\\\/a-propos-de-nous\\\/\",\"name\":\"Nous installons et entretenons votre climatisation, ventilation et pompe \u00e0 chaleur\",\"isPartOf\":{\"@id\":\"https:\\\/\\\/flowplus.be\\\/fr\\\/#website\"},\"primaryImageOfPage\":{\"@id\":\"https:\\\/\\\/flowplus.be\\\/fr\\\/a-propos-de-nous\\\/#primaryimage\"},\"image\":{\"@id\":\"https:\\\/\\\/flowplus.be\\\/fr\\\/a-propos-de-nous\\\/#primaryimage\"},\"thumbnailUrl\":\"https:\\\/\\\/flowplus.be\\\/site\\\/2024\\\/wp-content\\\/uploads\\\/2023\\\/03\\\/IMG_2286-rotated-1.jpeg\",\"datePublished\":\"2024-01-11T12:06:51+00:00\",\"dateModified\":\"2024-01-11T12:06:53+00:00\",\"breadcrumb\":{\"@id\":\"https:\\\/\\\/flowplus.be\\\/fr\\\/a-propos-de-nous\\\/#breadcrumb\"},\"inLanguage\":\"fr-FR\",\"potentialAction\":[{\"@type\":\"ReadAction\",\"target\":[\"https:\\\/\\\/flowplus.be\\\/fr\\\/a-propos-de-nous\\\/\"]}]},{\"@type\":\"ImageObject\",\"inLanguage\":\"fr-FR\",\"@id\":\"https:\\\/\\\/flowplus.be\\\/fr\\\/a-propos-de-nous\\\/#primaryimage\",\"url\":\"https:\\\/\\\/flowplus.be\\\/site\\\/2024\\\/wp-content\\\/uploads\\\/2023\\\/03\\\/IMG_2286-rotated-1.jpeg\",\"contentUrl\":\"https:\\\/\\\/flowplus.be\\\/site\\\/2024\\\/wp-content\\\/uploads\\\/2023\\\/03\\\/IMG_2286-rotated-1.jpeg\"},{\"@type\":\"BreadcrumbList\",\"@id\":\"https:\\\/\\\/flowplus.be\\\/fr\\\/a-propos-de-nous\\\/#breadcrumb\",\"itemListElement\":[{\"@type\":\"ListItem\",\"position\":1,\"name\":\"Home\",\"item\":\"https:\\\/\\\/flowplus.be\\\/fr\\\/\"},{\"@type\":\"ListItem\",\"position\":2,\"name\":\"A propos de nous\"}]},{\"@type\":\"WebSite\",\"@id\":\"https:\\\/\\\/flowplus.be\\\/fr\\\/#website\",\"url\":\"https:\\\/\\\/flowplus.be\\\/fr\\\/\",\"name\":\"Flowplus | Airco - Warmtepompen - Ventilatie\",\"description\":\"Jouw hvac partner\",\"potentialAction\":[{\"@type\":\"SearchAction\",\"target\":{\"@type\":\"EntryPoint\",\"urlTemplate\":\"https:\\\/\\\/flowplus.be\\\/fr\\\/?s={search_term_string}\"},\"query-input\":{\"@type\":\"PropertyValueSpecification\",\"valueRequired\":true,\"valueName\":\"search_term_string\"}}],\"inLanguage\":\"fr-FR\"}]}<\/script>\n<!-- \/ Yoast SEO Premium plugin. -->","yoast_head_json":{"title":"Nous installons et entretenons votre climatisation, ventilation et pompe \u00e0 chaleur","robots":{"index":"index","follow":"follow","max-snippet":"max-snippet:-1","max-image-preview":"max-image-preview:large","max-video-preview":"max-video-preview:-1"},"canonical":"https:\/\/flowplus.be\/fr\/a-propos-de-nous\/","og_locale":"fr_FR","og_type":"article","og_title":"A propos de nous","og_description":"A propos de nous Durable et qualitatif. Nous ne nous contentons pas de moins. Nous installons et entretenons votre climatisation, ventilation et pompe \u00e0 chaleur Tout le monde m\u00e9rite une qualit\u00e9 la climatisation efficace syst\u00e8me de ventilation et durable pompe \u00e0 chaleur. Flowplus s\u2019en occupe. Notre \u00e9quipe vous propose \u2013 en tant que particulier ou [&hellip;]","og_url":"https:\/\/flowplus.be\/fr\/a-propos-de-nous\/","og_site_name":"Flowplus | Airco - Warmtepompen - Ventilatie","article_publisher":"https:\/\/www.facebook.com\/people\/Flowplus\/100049219518867\/","article_modified_time":"2024-01-11T12:06:53+00:00","og_image":[{"url":"https:\/\/flowplus.be\/site\/2024\/wp-content\/uploads\/2023\/03\/IMG_2286-rotated-1.jpeg","type":"","width":"","height":""}],"twitter_card":"summary_large_image","twitter_misc":{"Dur\u00e9e de lecture estim\u00e9e":"3 minutes"},"schema":{"@context":"https:\/\/schema.org","@graph":[{"@type":"WebPage","@id":"https:\/\/flowplus.be\/fr\/a-propos-de-nous\/","url":"https:\/\/flowplus.be\/fr\/a-propos-de-nous\/","name":"Nous installons et entretenons votre climatisation, ventilation et pompe \u00e0 chaleur","isPartOf":{"@id":"https:\/\/flowplus.be\/fr\/#website"},"primaryImageOfPage":{"@id":"https:\/\/flowplus.be\/fr\/a-propos-de-nous\/#primaryimage"},"image":{"@id":"https:\/\/flowplus.be\/fr\/a-propos-de-nous\/#primaryimage"},"thumbnailUrl":"https:\/\/flowplus.be\/site\/2024\/wp-content\/uploads\/2023\/03\/IMG_2286-rotated-1.jpeg","datePublished":"2024-01-11T12:06:51+00:00","dateModified":"2024-01-11T12:06:53+00:00","breadcrumb":{"@id":"https:\/\/flowplus.be\/fr\/a-propos-de-nous\/#breadcrumb"},"inLanguage":"fr-FR","potentialAction":[{"@type":"ReadAction","target":["https:\/\/flowplus.be\/fr\/a-propos-de-nous\/"]}]},{"@type":"ImageObject","inLanguage":"fr-FR","@id":"https:\/\/flowplus.be\/fr\/a-propos-de-nous\/#primaryimage","url":"https:\/\/flowplus.be\/site\/2024\/wp-content\/uploads\/2023\/03\/IMG_2286-rotated-1.jpeg","contentUrl":"https:\/\/flowplus.be\/site\/2024\/wp-content\/uploads\/2023\/03\/IMG_2286-rotated-1.jpeg"},{"@type":"BreadcrumbList","@id":"https:\/\/flowplus.be\/fr\/a-propos-de-nous\/#breadcrumb","itemListElement":[{"@type":"ListItem","position":1,"name":"Home","item":"https:\/\/flowplus.be\/fr\/"},{"@type":"ListItem","position":2,"name":"A propos de nous"}]},{"@type":"WebSite","@id":"https:\/\/flowplus.be\/fr\/#website","url":"https:\/\/flowplus.be\/fr\/","name":"Flowplus | Airco - Warmtepompen - Ventilatie","description":"Jouw hvac partner","potentialAction":[{"@type":"SearchAction","target":{"@type":"EntryPoint","urlTemplate":"https:\/\/flowplus.be\/fr\/?s={search_term_string}"},"query-input":{"@type":"PropertyValueSpecification","valueRequired":true,"valueName":"search_term_string"}}],"inLanguage":"fr-FR"}]}},"_links":{"self":[{"href":"https:\/\/flowplus.be\/fr\/wp-json\/wp\/v2\/pages\/16240","targetHints":{"allow":["GET"]}}],"collection":[{"href":"https:\/\/flowplus.be\/fr\/wp-json\/wp\/v2\/pages"}],"about":[{"href":"https:\/\/flowplus.be\/fr\/wp-json\/wp\/v2\/types\/page"}],"author":[{"embeddable":true,"href":"https:\/\/flowplus.be\/fr\/wp-json\/wp\/v2\/users\/1"}],"replies":[{"embeddable":true,"href":"https:\/\/flowplus.be\/fr\/wp-json\/wp\/v2\/comments?post=16240"}],"version-history":[{"count":0,"href":"https:\/\/flowplus.be\/fr\/wp-json\/wp\/v2\/pages\/16240\/revisions"}],"wp:attachment":[{"href":"https:\/\/flowplus.be\/fr\/wp-json\/wp\/v2\/media?parent=16240"}],"curies":[{"name":"wp","href":"https:\/\/api.w.org\/{rel}","templated":true}]}}