{"id":16264,"date":"2024-01-12T08:04:35","date_gmt":"2024-01-12T08:04:35","guid":{"rendered":"https:\/\/flowplus.be\/site\/2024\/systemes-de-climatisation\/"},"modified":"2024-01-14T10:09:27","modified_gmt":"2024-01-14T10:09:27","slug":"systemes-de-climatisation","status":"publish","type":"page","link":"https:\/\/flowplus.be\/fr\/climatisation\/systemes-de-climatisation\/","title":{"rendered":"Systemes de climatisation"},"content":{"rendered":"\t\t<div data-elementor-type=\"wp-page\" data-elementor-id=\"16264\" class=\"elementor elementor-16264 elementor-13962\" data-elementor-post-type=\"page\">\n\t\t\t\t\t\t<section class=\"elementor-section elementor-top-section elementor-element elementor-element-5178fa7d elementor-section-boxed elementor-section-height-default elementor-section-height-default\" data-id=\"5178fa7d\" data-element_type=\"section\" data-e-type=\"section\" data-settings=\"{&quot;background_background&quot;:&quot;classic&quot;}\">\n\t\t\t\t\t\t\t<div class=\"elementor-background-overlay\"><\/div>\n\t\t\t\t\t\t\t<div class=\"elementor-container elementor-column-gap-default\">\n\t\t\t\t\t<div class=\"elementor-column elementor-col-100 elementor-top-column elementor-element elementor-element-e726b2d\" data-id=\"e726b2d\" data-element_type=\"column\" data-e-type=\"column\" data-settings=\"{&quot;animation&quot;:&quot;none&quot;}\">\n\t\t\t<div class=\"elementor-widget-wrap elementor-element-populated\">\n\t\t\t\t\t\t<section class=\"elementor-section elementor-inner-section elementor-element elementor-element-a6d6666 elementor-section-content-bottom elementor-section-boxed elementor-section-height-default elementor-section-height-default\" data-id=\"a6d6666\" data-element_type=\"section\" data-e-type=\"section\">\n\t\t\t\t\t\t<div class=\"elementor-container elementor-column-gap-default\">\n\t\t\t\t\t<div class=\"elementor-column elementor-col-100 elementor-inner-column elementor-element elementor-element-2a6314ca\" data-id=\"2a6314ca\" data-element_type=\"column\" data-e-type=\"column\" data-settings=\"{&quot;animation&quot;:&quot;none&quot;}\">\n\t\t\t<div class=\"elementor-widget-wrap elementor-element-populated\">\n\t\t\t\t\t\t<div class=\"elementor-element elementor-element-9ec791e elementor-widget elementor-widget-heading\" data-id=\"9ec791e\" data-element_type=\"widget\" data-e-type=\"widget\" data-widget_type=\"heading.default\">\n\t\t\t\t\t<h1 class=\"elementor-heading-title elementor-size-default\">Systemes de climatisation<\/h1>\t\t\t\t<\/div>\n\t\t\t\t\t<\/div>\n\t\t<\/div>\n\t\t\t\t\t<\/div>\n\t\t<\/section>\n\t\t\t\t\t<\/div>\n\t\t<\/div>\n\t\t\t\t\t<\/div>\n\t\t<\/section>\n\t\t\t\t<section class=\"elementor-section elementor-top-section elementor-element elementor-element-c95818f elementor-section-boxed elementor-section-height-default elementor-section-height-default\" data-id=\"c95818f\" data-element_type=\"section\" data-e-type=\"section\">\n\t\t\t\t\t\t<div class=\"elementor-container elementor-column-gap-default\">\n\t\t\t\t\t<div class=\"elementor-column elementor-col-66 elementor-top-column elementor-element elementor-element-6c5ddb34\" data-id=\"6c5ddb34\" data-element_type=\"column\" data-e-type=\"column\">\n\t\t\t<div class=\"elementor-widget-wrap elementor-element-populated\">\n\t\t\t\t\t\t<div class=\"elementor-element elementor-element-56868355 elementor-widget elementor-widget-heading\" data-id=\"56868355\" data-element_type=\"widget\" data-e-type=\"widget\" data-widget_type=\"heading.default\">\n\t\t\t\t\t<h2 class=\"elementor-heading-title elementor-size-default\">Flowplus s'occupe de votre climatisation. Pose et entretien.<\/h2>\t\t\t\t<\/div>\n\t\t\t\t<div class=\"elementor-element elementor-element-72fe3346 elementor-widget__width-initial elementor-widget elementor-widget-text-editor\" data-id=\"72fe3346\" data-element_type=\"widget\" data-e-type=\"widget\" data-widget_type=\"text-editor.default\">\n\t\t\t\t\t\t\t\t\tEn fonction de la situation de votre maison ou de votre bureau, vous devez choisir un\u00a0<strong>syst\u00e8me split<\/strong>\u00a0ou un\u00a0<strong>syst\u00e8me multi-split<\/strong>. Le choix entre les\u00a0<strong>diff\u00e9rents syst\u00e8mes de climatisation<\/strong>\u00a0se fait en fonction du nombre d\u2019<strong>unit\u00e9s de climatisation<\/strong>\u00a0\u00e0 installer \u00e0 l\u2019int\u00e9rieur, ce pour quoi votre\u00a0<strong>installateur de climatisation<\/strong>\u00a0se fera un plaisir de vous guider. Parmi les\u00a0<strong>diff\u00e9rents syst\u00e8mes de climatisation avec une unit\u00e9 ext\u00e9rieure<\/strong>, on distingue :\r\n<h3>Syst\u00e8me de climatisation split<\/h3>\r\nUn\u00a0<strong>syst\u00e8me split<\/strong>\u00a0est le\u00a0<strong>syst\u00e8me de climatisation<\/strong>\u00a0le plus courant. Ce type de\u00a0<strong>climatisation\u00a0<\/strong>est\u00a0<strong>install\u00e9\u00a0<\/strong>en pla\u00e7ant deux unit\u00e9s : une\u00a0<strong>unit\u00e9 ext\u00e9rieure de climatisation<\/strong>\u00a0et une\u00a0<strong>unit\u00e9 int\u00e9rieure de climatisation<\/strong>. Cette derni\u00e8re \u2013 l\u2019<strong>unit\u00e9 split de climatisation<\/strong>\u00a0\u2013 peut optimiser la temp\u00e9rature d\u2019une pi\u00e8ce et est reli\u00e9e \u00e0 une unit\u00e9 ext\u00e9rieure.\r\n<h3>Syst\u00e8me de climatisation multisplit<\/h3>\r\nUn\u00a0<strong>syst\u00e8me multisplit\u00a0<\/strong>est de plus en plus courant chez nos clients, tant \u00e0 la maison qu\u2019au bureau. Ici, plusieurs\u00a0<strong>unit\u00e9s multisplit de climatisation<\/strong>\u00a0sont install\u00e9es \u00e0 l\u2019int\u00e9rieur, en combinaison avec (au moins) une unit\u00e9 ext\u00e9rieure. Vous pouvez connecter jusqu\u2019\u00e0 cinq\u00a0<strong>unit\u00e9s de climatisation int\u00e9rieures<\/strong>\u00a0diff\u00e9rentes \u00e0 une unit\u00e9 ext\u00e9rieure. Le type de\u00a0<strong>climatiseur<\/strong>\u00a0que vous choisissez\u00a0<strong>(mural<\/strong>\u00a0ou sur pied) n\u2019a aucune importance.\r\n\r\nChoisir un\u00a0<strong>syst\u00e8me de climatisation split<\/strong>\u00a0ou un\u00a0<strong>syst\u00e8me multi-split<\/strong>? Contactez-nous pour un devis personnalis\u00e9 pour votre\u00a0<strong>installation de climatisation \u00e0 Wilrijk ou Anvers<\/strong>.\t\t\t\t\t\t\t\t<\/div>\n\t\t\t\t\t<\/div>\n\t\t<\/div>\n\t\t\t\t<div class=\"elementor-column elementor-col-33 elementor-top-column elementor-element elementor-element-196dc607\" data-id=\"196dc607\" data-element_type=\"column\" data-e-type=\"column\">\n\t\t\t<div class=\"elementor-widget-wrap elementor-element-populated\">\n\t\t\t\t\t\t<section class=\"elementor-section elementor-inner-section elementor-element elementor-element-4a4c72f elementor-section-boxed elementor-section-height-default elementor-section-height-default\" data-id=\"4a4c72f\" data-element_type=\"section\" data-e-type=\"section\">\n\t\t\t\t\t\t<div class=\"elementor-container elementor-column-gap-default\">\n\t\t\t\t\t<div class=\"elementor-column elementor-col-100 elementor-inner-column elementor-element elementor-element-48c41b0f\" data-id=\"48c41b0f\" data-element_type=\"column\" data-e-type=\"column\" data-settings=\"{&quot;background_background&quot;:&quot;classic&quot;}\">\n\t\t\t<div class=\"elementor-widget-wrap elementor-element-populated\">\n\t\t\t\t\t\t<div class=\"elementor-element elementor-element-71b1bf5 elementor-icon-list--layout-traditional elementor-list-item-link-full_width elementor-widget elementor-widget-icon-list\" data-id=\"71b1bf5\" data-element_type=\"widget\" data-e-type=\"widget\" data-widget_type=\"icon-list.default\">\n\t\t\t\t\t\t\t<ul class=\"elementor-icon-list-items\">\n\t\t\t\t\t\t\t<li class=\"elementor-icon-list-item\">\n\t\t\t\t\t\t\t\t\t\t\t<a href=\"https:\/\/flowplus.be\/fr\/ventilation\/\">\n\n\t\t\t\t\t\t\t\t\t\t\t\t<span class=\"elementor-icon-list-icon\">\n\t\t\t\t\t\t\t<svg aria-hidden=\"true\" class=\"e-font-icon-svg e-fas-angle-right\" viewBox=\"0 0 256 512\" xmlns=\"http:\/\/www.w3.org\/2000\/svg\"><path d=\"M224.3 273l-136 136c-9.4 9.4-24.6 9.4-33.9 0l-22.6-22.6c-9.4-9.4-9.4-24.6 0-33.9l96.4-96.4-96.4-96.4c-9.4-9.4-9.4-24.6 0-33.9L54.3 103c9.4-9.4 24.6-9.4 33.9 0l136 136c9.5 9.4 9.5 24.6.1 34z\"><\/path><\/svg>\t\t\t\t\t\t<\/span>\n\t\t\t\t\t\t\t\t\t\t<span class=\"elementor-icon-list-text\">Ventilation<\/span>\n\t\t\t\t\t\t\t\t\t\t\t<\/a>\n\t\t\t\t\t\t\t\t\t<\/li>\n\t\t\t\t\t\t\t\t<li class=\"elementor-icon-list-item\">\n\t\t\t\t\t\t\t\t\t\t\t<a href=\"https:\/\/flowplus.be\/fr\/pompes-a-chaleur\/\">\n\n\t\t\t\t\t\t\t\t\t\t\t\t<span class=\"elementor-icon-list-icon\">\n\t\t\t\t\t\t\t<svg aria-hidden=\"true\" class=\"e-font-icon-svg e-fas-angle-right\" viewBox=\"0 0 256 512\" xmlns=\"http:\/\/www.w3.org\/2000\/svg\"><path d=\"M224.3 273l-136 136c-9.4 9.4-24.6 9.4-33.9 0l-22.6-22.6c-9.4-9.4-9.4-24.6 0-33.9l96.4-96.4-96.4-96.4c-9.4-9.4-9.4-24.6 0-33.9L54.3 103c9.4-9.4 24.6-9.4 33.9 0l136 136c9.5 9.4 9.5 24.6.1 34z\"><\/path><\/svg>\t\t\t\t\t\t<\/span>\n\t\t\t\t\t\t\t\t\t\t<span class=\"elementor-icon-list-text\">Pompe a chaleur<\/span>\n\t\t\t\t\t\t\t\t\t\t\t<\/a>\n\t\t\t\t\t\t\t\t\t<\/li>\n\t\t\t\t\t\t<\/ul>\n\t\t\t\t\t\t<\/div>\n\t\t\t\t<div class=\"elementor-element elementor-element-9a7178d elementor-widget elementor-widget-image\" data-id=\"9a7178d\" data-element_type=\"widget\" data-e-type=\"widget\" data-widget_type=\"image.default\">\n\t\t\t\t\t\t\t\t\t\t\t\t\t\t\t<img fetchpriority=\"high\" decoding=\"async\" width=\"800\" height=\"450\" src=\"https:\/\/flowplus.be\/site\/2024\/wp-content\/uploads\/2023\/02\/hvac-technician-using-modern-technology-instruments-to-analyze-hvac-units-in-beach-condo-1-1-1024x576.jpg\" class=\"attachment-large size-large wp-image-13706\" alt=\"\" srcset=\"https:\/\/flowplus.be\/site\/2024\/wp-content\/uploads\/2023\/02\/hvac-technician-using-modern-technology-instruments-to-analyze-hvac-units-in-beach-condo-1-1-1024x576.jpg 1024w, https:\/\/flowplus.be\/site\/2024\/wp-content\/uploads\/2023\/02\/hvac-technician-using-modern-technology-instruments-to-analyze-hvac-units-in-beach-condo-1-1-300x169.jpg 300w, https:\/\/flowplus.be\/site\/2024\/wp-content\/uploads\/2023\/02\/hvac-technician-using-modern-technology-instruments-to-analyze-hvac-units-in-beach-condo-1-1-768x432.jpg 768w, https:\/\/flowplus.be\/site\/2024\/wp-content\/uploads\/2023\/02\/hvac-technician-using-modern-technology-instruments-to-analyze-hvac-units-in-beach-condo-1-1-1536x864.jpg 1536w, https:\/\/flowplus.be\/site\/2024\/wp-content\/uploads\/2023\/02\/hvac-technician-using-modern-technology-instruments-to-analyze-hvac-units-in-beach-condo-1-1.jpg 2000w\" sizes=\"(max-width: 800px) 100vw, 800px\" \/>\t\t\t\t\t\t\t\t\t\t\t\t\t\t\t<\/div>\n\t\t\t\t\t<\/div>\n\t\t<\/div>\n\t\t\t\t\t<\/div>\n\t\t<\/section>\n\t\t\t\t\t<\/div>\n\t\t<\/div>\n\t\t\t\t\t<\/div>\n\t\t<\/section>\n\t\t\t\t<\/div>\n\t\t","protected":false},"excerpt":{"rendered":"<p>Systemes de climatisation Flowplus s&rsquo;occupe de votre climatisation. Pose et entretien. En fonction de la situation de votre maison ou de votre bureau, vous devez choisir un\u00a0syst\u00e8me split\u00a0ou un\u00a0syst\u00e8me multi-split. Le choix entre les\u00a0diff\u00e9rents syst\u00e8mes de climatisation\u00a0se fait en fonction du nombre d\u2019unit\u00e9s de climatisation\u00a0\u00e0 installer \u00e0 l\u2019int\u00e9rieur, ce pour quoi votre\u00a0installateur de climatisation\u00a0se fera [&hellip;]<\/p>\n","protected":false},"author":1,"featured_media":0,"parent":16258,"menu_order":0,"comment_status":"closed","ping_status":"closed","template":"","meta":{"footnotes":""},"class_list":["post-16264","page","type-page","status-publish","hentry"],"yoast_head":"<!-- This site is optimized with the Yoast SEO Premium plugin v27.6 (Yoast SEO v27.6) - https:\/\/yoast.com\/product\/yoast-seo-premium-wordpress\/ -->\n<title>Selon la situation, vous optez pour un syst\u00e8me de climatisation split ou multisplit. Vous pouvez compter sur les conseils de votre installateur.<\/title>\n<meta name=\"robots\" content=\"index, follow, max-snippet:-1, max-image-preview:large, max-video-preview:-1\" \/>\n<link rel=\"canonical\" href=\"https:\/\/flowplus.be\/fr\/climatisation\/systemes-de-climatisation\/\" \/>\n<meta property=\"og:locale\" content=\"fr_FR\" \/>\n<meta property=\"og:type\" content=\"article\" \/>\n<meta property=\"og:title\" content=\"Systemes de climatisation\" \/>\n<meta property=\"og:description\" content=\"Systemes de climatisation Flowplus s&rsquo;occupe de votre climatisation. Pose et entretien. En fonction de la situation de votre maison ou de votre bureau, vous devez choisir un\u00a0syst\u00e8me split\u00a0ou un\u00a0syst\u00e8me multi-split. Le choix entre les\u00a0diff\u00e9rents syst\u00e8mes de climatisation\u00a0se fait en fonction du nombre d\u2019unit\u00e9s de climatisation\u00a0\u00e0 installer \u00e0 l\u2019int\u00e9rieur, ce pour quoi votre\u00a0installateur de climatisation\u00a0se fera [&hellip;]\" \/>\n<meta property=\"og:url\" content=\"https:\/\/flowplus.be\/fr\/climatisation\/systemes-de-climatisation\/\" \/>\n<meta property=\"og:site_name\" content=\"Flowplus | Airco - Warmtepompen - Ventilatie\" \/>\n<meta property=\"article:publisher\" content=\"https:\/\/www.facebook.com\/people\/Flowplus\/100049219518867\/\" \/>\n<meta property=\"article:modified_time\" content=\"2024-01-14T10:09:27+00:00\" \/>\n<meta property=\"og:image\" content=\"https:\/\/flowplus.be\/site\/2024\/wp-content\/uploads\/2023\/02\/hvac-technician-using-modern-technology-instruments-to-analyze-hvac-units-in-beach-condo-1-1-1024x576.jpg\" \/>\n<meta name=\"twitter:card\" content=\"summary_large_image\" \/>\n<meta name=\"twitter:label1\" content=\"Dur\u00e9e de lecture estim\u00e9e\" \/>\n\t<meta name=\"twitter:data1\" content=\"1 minute\" \/>\n<script type=\"application\/ld+json\" class=\"yoast-schema-graph\">{\"@context\":\"https:\\\/\\\/schema.org\",\"@graph\":[{\"@type\":\"WebPage\",\"@id\":\"https:\\\/\\\/flowplus.be\\\/fr\\\/climatisation\\\/systemes-de-climatisation\\\/\",\"url\":\"https:\\\/\\\/flowplus.be\\\/fr\\\/climatisation\\\/systemes-de-climatisation\\\/\",\"name\":\"Selon la situation, vous optez pour un syst\u00e8me de climatisation split ou multisplit. Vous pouvez compter sur les conseils de votre installateur.\",\"isPartOf\":{\"@id\":\"https:\\\/\\\/flowplus.be\\\/fr\\\/#website\"},\"primaryImageOfPage\":{\"@id\":\"https:\\\/\\\/flowplus.be\\\/fr\\\/climatisation\\\/systemes-de-climatisation\\\/#primaryimage\"},\"image\":{\"@id\":\"https:\\\/\\\/flowplus.be\\\/fr\\\/climatisation\\\/systemes-de-climatisation\\\/#primaryimage\"},\"thumbnailUrl\":\"https:\\\/\\\/flowplus.be\\\/site\\\/2024\\\/wp-content\\\/uploads\\\/2023\\\/02\\\/hvac-technician-using-modern-technology-instruments-to-analyze-hvac-units-in-beach-condo-1-1-1024x576.jpg\",\"datePublished\":\"2024-01-12T08:04:35+00:00\",\"dateModified\":\"2024-01-14T10:09:27+00:00\",\"breadcrumb\":{\"@id\":\"https:\\\/\\\/flowplus.be\\\/fr\\\/climatisation\\\/systemes-de-climatisation\\\/#breadcrumb\"},\"inLanguage\":\"fr-FR\",\"potentialAction\":[{\"@type\":\"ReadAction\",\"target\":[\"https:\\\/\\\/flowplus.be\\\/fr\\\/climatisation\\\/systemes-de-climatisation\\\/\"]}]},{\"@type\":\"ImageObject\",\"inLanguage\":\"fr-FR\",\"@id\":\"https:\\\/\\\/flowplus.be\\\/fr\\\/climatisation\\\/systemes-de-climatisation\\\/#primaryimage\",\"url\":\"https:\\\/\\\/flowplus.be\\\/site\\\/2024\\\/wp-content\\\/uploads\\\/2023\\\/02\\\/hvac-technician-using-modern-technology-instruments-to-analyze-hvac-units-in-beach-condo-1-1-1024x576.jpg\",\"contentUrl\":\"https:\\\/\\\/flowplus.be\\\/site\\\/2024\\\/wp-content\\\/uploads\\\/2023\\\/02\\\/hvac-technician-using-modern-technology-instruments-to-analyze-hvac-units-in-beach-condo-1-1-1024x576.jpg\"},{\"@type\":\"BreadcrumbList\",\"@id\":\"https:\\\/\\\/flowplus.be\\\/fr\\\/climatisation\\\/systemes-de-climatisation\\\/#breadcrumb\",\"itemListElement\":[{\"@type\":\"ListItem\",\"position\":1,\"name\":\"Home\",\"item\":\"https:\\\/\\\/flowplus.be\\\/fr\\\/\"},{\"@type\":\"ListItem\",\"position\":2,\"name\":\"Climatisation\",\"item\":\"https:\\\/\\\/flowplus.be\\\/fr\\\/airco\\\/\"},{\"@type\":\"ListItem\",\"position\":3,\"name\":\"Systemes de climatisation\"}]},{\"@type\":\"WebSite\",\"@id\":\"https:\\\/\\\/flowplus.be\\\/fr\\\/#website\",\"url\":\"https:\\\/\\\/flowplus.be\\\/fr\\\/\",\"name\":\"Flowplus | Airco - Warmtepompen - Ventilatie\",\"description\":\"Jouw hvac partner\",\"potentialAction\":[{\"@type\":\"SearchAction\",\"target\":{\"@type\":\"EntryPoint\",\"urlTemplate\":\"https:\\\/\\\/flowplus.be\\\/fr\\\/?s={search_term_string}\"},\"query-input\":{\"@type\":\"PropertyValueSpecification\",\"valueRequired\":true,\"valueName\":\"search_term_string\"}}],\"inLanguage\":\"fr-FR\"}]}<\/script>\n<!-- \/ Yoast SEO Premium plugin. -->","yoast_head_json":{"title":"Selon la situation, vous optez pour un syst\u00e8me de climatisation split ou multisplit. Vous pouvez compter sur les conseils de votre installateur.","robots":{"index":"index","follow":"follow","max-snippet":"max-snippet:-1","max-image-preview":"max-image-preview:large","max-video-preview":"max-video-preview:-1"},"canonical":"https:\/\/flowplus.be\/fr\/climatisation\/systemes-de-climatisation\/","og_locale":"fr_FR","og_type":"article","og_title":"Systemes de climatisation","og_description":"Systemes de climatisation Flowplus s&rsquo;occupe de votre climatisation. Pose et entretien. En fonction de la situation de votre maison ou de votre bureau, vous devez choisir un\u00a0syst\u00e8me split\u00a0ou un\u00a0syst\u00e8me multi-split. Le choix entre les\u00a0diff\u00e9rents syst\u00e8mes de climatisation\u00a0se fait en fonction du nombre d\u2019unit\u00e9s de climatisation\u00a0\u00e0 installer \u00e0 l\u2019int\u00e9rieur, ce pour quoi votre\u00a0installateur de climatisation\u00a0se fera [&hellip;]","og_url":"https:\/\/flowplus.be\/fr\/climatisation\/systemes-de-climatisation\/","og_site_name":"Flowplus | Airco - Warmtepompen - Ventilatie","article_publisher":"https:\/\/www.facebook.com\/people\/Flowplus\/100049219518867\/","article_modified_time":"2024-01-14T10:09:27+00:00","og_image":[{"url":"https:\/\/flowplus.be\/site\/2024\/wp-content\/uploads\/2023\/02\/hvac-technician-using-modern-technology-instruments-to-analyze-hvac-units-in-beach-condo-1-1-1024x576.jpg","type":"","width":"","height":""}],"twitter_card":"summary_large_image","twitter_misc":{"Dur\u00e9e de lecture estim\u00e9e":"1 minute"},"schema":{"@context":"https:\/\/schema.org","@graph":[{"@type":"WebPage","@id":"https:\/\/flowplus.be\/fr\/climatisation\/systemes-de-climatisation\/","url":"https:\/\/flowplus.be\/fr\/climatisation\/systemes-de-climatisation\/","name":"Selon la situation, vous optez pour un syst\u00e8me de climatisation split ou multisplit. Vous pouvez compter sur les conseils de votre installateur.","isPartOf":{"@id":"https:\/\/flowplus.be\/fr\/#website"},"primaryImageOfPage":{"@id":"https:\/\/flowplus.be\/fr\/climatisation\/systemes-de-climatisation\/#primaryimage"},"image":{"@id":"https:\/\/flowplus.be\/fr\/climatisation\/systemes-de-climatisation\/#primaryimage"},"thumbnailUrl":"https:\/\/flowplus.be\/site\/2024\/wp-content\/uploads\/2023\/02\/hvac-technician-using-modern-technology-instruments-to-analyze-hvac-units-in-beach-condo-1-1-1024x576.jpg","datePublished":"2024-01-12T08:04:35+00:00","dateModified":"2024-01-14T10:09:27+00:00","breadcrumb":{"@id":"https:\/\/flowplus.be\/fr\/climatisation\/systemes-de-climatisation\/#breadcrumb"},"inLanguage":"fr-FR","potentialAction":[{"@type":"ReadAction","target":["https:\/\/flowplus.be\/fr\/climatisation\/systemes-de-climatisation\/"]}]},{"@type":"ImageObject","inLanguage":"fr-FR","@id":"https:\/\/flowplus.be\/fr\/climatisation\/systemes-de-climatisation\/#primaryimage","url":"https:\/\/flowplus.be\/site\/2024\/wp-content\/uploads\/2023\/02\/hvac-technician-using-modern-technology-instruments-to-analyze-hvac-units-in-beach-condo-1-1-1024x576.jpg","contentUrl":"https:\/\/flowplus.be\/site\/2024\/wp-content\/uploads\/2023\/02\/hvac-technician-using-modern-technology-instruments-to-analyze-hvac-units-in-beach-condo-1-1-1024x576.jpg"},{"@type":"BreadcrumbList","@id":"https:\/\/flowplus.be\/fr\/climatisation\/systemes-de-climatisation\/#breadcrumb","itemListElement":[{"@type":"ListItem","position":1,"name":"Home","item":"https:\/\/flowplus.be\/fr\/"},{"@type":"ListItem","position":2,"name":"Climatisation","item":"https:\/\/flowplus.be\/fr\/airco\/"},{"@type":"ListItem","position":3,"name":"Systemes de climatisation"}]},{"@type":"WebSite","@id":"https:\/\/flowplus.be\/fr\/#website","url":"https:\/\/flowplus.be\/fr\/","name":"Flowplus | Airco - Warmtepompen - Ventilatie","description":"Jouw hvac partner","potentialAction":[{"@type":"SearchAction","target":{"@type":"EntryPoint","urlTemplate":"https:\/\/flowplus.be\/fr\/?s={search_term_string}"},"query-input":{"@type":"PropertyValueSpecification","valueRequired":true,"valueName":"search_term_string"}}],"inLanguage":"fr-FR"}]}},"_links":{"self":[{"href":"https:\/\/flowplus.be\/fr\/wp-json\/wp\/v2\/pages\/16264","targetHints":{"allow":["GET"]}}],"collection":[{"href":"https:\/\/flowplus.be\/fr\/wp-json\/wp\/v2\/pages"}],"about":[{"href":"https:\/\/flowplus.be\/fr\/wp-json\/wp\/v2\/types\/page"}],"author":[{"embeddable":true,"href":"https:\/\/flowplus.be\/fr\/wp-json\/wp\/v2\/users\/1"}],"replies":[{"embeddable":true,"href":"https:\/\/flowplus.be\/fr\/wp-json\/wp\/v2\/comments?post=16264"}],"version-history":[{"count":1,"href":"https:\/\/flowplus.be\/fr\/wp-json\/wp\/v2\/pages\/16264\/revisions"}],"predecessor-version":[{"id":16328,"href":"https:\/\/flowplus.be\/fr\/wp-json\/wp\/v2\/pages\/16264\/revisions\/16328"}],"up":[{"embeddable":true,"href":"https:\/\/flowplus.be\/fr\/wp-json\/wp\/v2\/pages\/16258"}],"wp:attachment":[{"href":"https:\/\/flowplus.be\/fr\/wp-json\/wp\/v2\/media?parent=16264"}],"curies":[{"name":"wp","href":"https:\/\/api.w.org\/{rel}","templated":true}]}}