{"id":16272,"date":"2024-01-12T08:09:33","date_gmt":"2024-01-12T08:09:33","guid":{"rendered":"https:\/\/flowplus.be\/site\/2024\/entretien-de-la-climatisation\/"},"modified":"2024-01-14T10:09:07","modified_gmt":"2024-01-14T10:09:07","slug":"entretien-de-la-climatisation","status":"publish","type":"page","link":"https:\/\/flowplus.be\/fr\/climatisation\/entretien-de-la-climatisation\/","title":{"rendered":"Entretien de la climatisation"},"content":{"rendered":"\t\t<div data-elementor-type=\"wp-page\" data-elementor-id=\"16272\" class=\"elementor elementor-16272 elementor-13981\" data-elementor-post-type=\"page\">\n\t\t\t\t\t\t<section class=\"elementor-section elementor-top-section elementor-element elementor-element-5178fa7d elementor-section-boxed elementor-section-height-default elementor-section-height-default\" data-id=\"5178fa7d\" data-element_type=\"section\" data-e-type=\"section\" data-settings=\"{&quot;background_background&quot;:&quot;classic&quot;}\">\n\t\t\t\t\t\t\t<div class=\"elementor-background-overlay\"><\/div>\n\t\t\t\t\t\t\t<div class=\"elementor-container elementor-column-gap-default\">\n\t\t\t\t\t<div class=\"elementor-column elementor-col-100 elementor-top-column elementor-element elementor-element-e726b2d\" data-id=\"e726b2d\" data-element_type=\"column\" data-e-type=\"column\" data-settings=\"{&quot;animation&quot;:&quot;none&quot;}\">\n\t\t\t<div class=\"elementor-widget-wrap elementor-element-populated\">\n\t\t\t\t\t\t<section class=\"elementor-section elementor-inner-section elementor-element elementor-element-a6d6666 elementor-section-content-bottom elementor-section-boxed elementor-section-height-default elementor-section-height-default\" data-id=\"a6d6666\" data-element_type=\"section\" data-e-type=\"section\">\n\t\t\t\t\t\t<div class=\"elementor-container elementor-column-gap-default\">\n\t\t\t\t\t<div class=\"elementor-column elementor-col-100 elementor-inner-column elementor-element elementor-element-2a6314ca\" data-id=\"2a6314ca\" data-element_type=\"column\" data-e-type=\"column\" data-settings=\"{&quot;animation&quot;:&quot;none&quot;}\">\n\t\t\t<div class=\"elementor-widget-wrap elementor-element-populated\">\n\t\t\t\t\t\t<div class=\"elementor-element elementor-element-bcf82f8 elementor-widget elementor-widget-heading\" data-id=\"bcf82f8\" data-element_type=\"widget\" data-e-type=\"widget\" data-widget_type=\"heading.default\">\n\t\t\t\t\t<h1 class=\"elementor-heading-title elementor-size-default\">Entretien de la climatisation<\/h1>\t\t\t\t<\/div>\n\t\t\t\t\t<\/div>\n\t\t<\/div>\n\t\t\t\t\t<\/div>\n\t\t<\/section>\n\t\t\t\t\t<\/div>\n\t\t<\/div>\n\t\t\t\t\t<\/div>\n\t\t<\/section>\n\t\t\t\t<section class=\"elementor-section elementor-top-section elementor-element elementor-element-c95818f elementor-section-boxed elementor-section-height-default elementor-section-height-default\" data-id=\"c95818f\" data-element_type=\"section\" data-e-type=\"section\">\n\t\t\t\t\t\t<div class=\"elementor-container elementor-column-gap-default\">\n\t\t\t\t\t<div class=\"elementor-column elementor-col-66 elementor-top-column elementor-element elementor-element-6c5ddb34\" data-id=\"6c5ddb34\" data-element_type=\"column\" data-e-type=\"column\">\n\t\t\t<div class=\"elementor-widget-wrap elementor-element-populated\">\n\t\t\t\t\t\t<div class=\"elementor-element elementor-element-56868355 elementor-widget elementor-widget-heading\" data-id=\"56868355\" data-element_type=\"widget\" data-e-type=\"widget\" data-widget_type=\"heading.default\">\n\t\t\t\t\t<h2 class=\"elementor-heading-title elementor-size-default\">Flowplus s'occupe de l'entretien de votre climatiseur.\u200b<\/h2>\t\t\t\t<\/div>\n\t\t\t\t<div class=\"elementor-element elementor-element-72fe3346 elementor-widget__width-initial elementor-widget elementor-widget-text-editor\" data-id=\"72fe3346\" data-element_type=\"widget\" data-e-type=\"widget\" data-widget_type=\"text-editor.default\">\n\t\t\t\t\t\t\t\t\t<p><a href=\"https:\/\/flowplus.be\/fr\/climatisation\/\"><strong>La climatisation<\/strong><\/a>\u00a0est un atout majeur pour votre maison ou votre bureau, mais il n\u2019offrira des performances et une long\u00e9vit\u00e9 optimales que si vous\u00a0<strong>entretenez correctement<\/strong>\u00a0votre\u00a0<strong>syst\u00e8me de climatisation<\/strong>. Un\u00a0<strong>entretien<\/strong>\u00a0annuel\u00a0<strong>de votre\u00a0<a href=\"https:\/\/flowplus.be\/fr\/climatisation\/systemes-de-climatisation\/\">syst\u00e8me de climatisation<\/a><\/strong>\u00a0n\u2019est donc pas exag\u00e9r\u00e9, compte tenu du fait que votre\u00a0<strong>syst\u00e8me de climatisation<\/strong>\u00a0vous fournit chaque jour un air propre et filtr\u00e9 et qu\u2019il doit supporter beaucoup de choses. D\u2019autres indicateurs peuvent \u00e9galement indiquer un besoin d\u2019<strong>entretien de la climatisation<\/strong>:<\/p>\n<ul>\n<li>Lorsque votre\u00a0<strong>syst\u00e8me de climatisation\u00a0<\/strong>fait plus de bruit que d\u2019habitude<\/li>\n<li>Si votre\u00a0<strong>syst\u00e8me de climatisation<\/strong>\u00a0ne refroidit pas ou ne chauffe pas la pi\u00e8ce aussi rapidement qu\u2019il le devrait\u2026<\/li>\n<li>Lorsque vos co\u00fbts \u00e9nerg\u00e9tiques augmentent pour la m\u00eame efficacit\u00e9<\/li>\n<\/ul>\n<p>La fr\u00e9quence d\u2019entretien de votre\u00a0<strong>syst\u00e8me de<\/strong>\u00a0<strong>climatisation<\/strong>\u00a0peut souvent \u00eatre d\u00e9duite de la quantit\u00e9 de r\u00e9frig\u00e9rant qu\u2019il contient :<\/p>\n<ul>\n<li>Entretien annuel pour les\u00a0<strong>syst\u00e8mes de climatisation<\/strong>\u00a0avec plus de 3 kg de r\u00e9frig\u00e9rant<\/li>\n<li>Entretien semestriel pour les\u00a0<strong>syst\u00e8mes de climatisation\u00a0<\/strong>contenant plus de 30 kg de r\u00e9frig\u00e9rant.<\/li>\n<li>Entretien trimestriel des\u00a0<strong>syst\u00e8mes de climatisation<\/strong>\u00a0de plus de 300 kg de r\u00e9frig\u00e9rant<\/li>\n<\/ul>\n<p>Vous avez des questions ou des doutes sur l\u2019entretien de votre\u00a0<strong>syst\u00e8me de climatisation<\/strong>?\u00a0<a href=\"https:\/\/flowplus.be\/fr\/contacter\/\">Contactez<\/a>\u00a0ensuite votre\u00a0<strong>installateur agr\u00e9\u00e9 de syst\u00e8mes de climatisation<\/strong>\u00a0Flowplus.<\/p>\n\t\t\t\t\t\t\t\t<\/div>\n\t\t\t\t\t<\/div>\n\t\t<\/div>\n\t\t\t\t<div class=\"elementor-column elementor-col-33 elementor-top-column elementor-element elementor-element-196dc607\" data-id=\"196dc607\" data-element_type=\"column\" data-e-type=\"column\">\n\t\t\t<div class=\"elementor-widget-wrap elementor-element-populated\">\n\t\t\t\t\t\t<section class=\"elementor-section elementor-inner-section elementor-element elementor-element-4a4c72f elementor-section-boxed elementor-section-height-default elementor-section-height-default\" data-id=\"4a4c72f\" data-element_type=\"section\" data-e-type=\"section\">\n\t\t\t\t\t\t<div class=\"elementor-container elementor-column-gap-default\">\n\t\t\t\t\t<div class=\"elementor-column elementor-col-100 elementor-inner-column elementor-element elementor-element-48c41b0f\" data-id=\"48c41b0f\" data-element_type=\"column\" data-e-type=\"column\" data-settings=\"{&quot;background_background&quot;:&quot;classic&quot;}\">\n\t\t\t<div class=\"elementor-widget-wrap elementor-element-populated\">\n\t\t\t\t\t\t<div class=\"elementor-element elementor-element-bc166d5 elementor-widget elementor-widget-elementskit-heading\" data-id=\"bc166d5\" data-element_type=\"widget\" data-e-type=\"widget\" data-widget_type=\"elementskit-heading.default\">\n\t\t\t\t\t<div class=\"ekit-wid-con\" ><div class=\"ekit-heading elementskit-section-title-wraper text_left   ekit_heading_tablet-   ekit_heading_mobile-\"><div class=\"ekit-heading--title elementskit-section-title \">Autres produits<\/div><div class=\"ekit_heading_separetor_wraper ekit_heading_elementskit-border-divider elementskit-style-long\"><div class=\"elementskit-border-divider elementskit-style-long\"><\/div><\/div><\/div><\/div>\t\t\t\t<\/div>\n\t\t\t\t<div class=\"elementor-element elementor-element-71b1bf5 elementor-icon-list--layout-traditional elementor-list-item-link-full_width elementor-widget elementor-widget-icon-list\" data-id=\"71b1bf5\" data-element_type=\"widget\" data-e-type=\"widget\" data-widget_type=\"icon-list.default\">\n\t\t\t\t\t\t\t<ul class=\"elementor-icon-list-items\">\n\t\t\t\t\t\t\t<li class=\"elementor-icon-list-item\">\n\t\t\t\t\t\t\t\t\t\t\t<a href=\"https:\/\/flowplus.be\/fr\/ventilation\/\">\n\n\t\t\t\t\t\t\t\t\t\t\t\t<span class=\"elementor-icon-list-icon\">\n\t\t\t\t\t\t\t<svg aria-hidden=\"true\" class=\"e-font-icon-svg e-fas-angle-right\" viewBox=\"0 0 256 512\" xmlns=\"http:\/\/www.w3.org\/2000\/svg\"><path d=\"M224.3 273l-136 136c-9.4 9.4-24.6 9.4-33.9 0l-22.6-22.6c-9.4-9.4-9.4-24.6 0-33.9l96.4-96.4-96.4-96.4c-9.4-9.4-9.4-24.6 0-33.9L54.3 103c9.4-9.4 24.6-9.4 33.9 0l136 136c9.5 9.4 9.5 24.6.1 34z\"><\/path><\/svg>\t\t\t\t\t\t<\/span>\n\t\t\t\t\t\t\t\t\t\t<span class=\"elementor-icon-list-text\">Ventilation<\/span>\n\t\t\t\t\t\t\t\t\t\t\t<\/a>\n\t\t\t\t\t\t\t\t\t<\/li>\n\t\t\t\t\t\t\t\t<li class=\"elementor-icon-list-item\">\n\t\t\t\t\t\t\t\t\t\t\t<a href=\"https:\/\/flowplus.be\/fr\/pompes-a-chaleur\/\">\n\n\t\t\t\t\t\t\t\t\t\t\t\t<span class=\"elementor-icon-list-icon\">\n\t\t\t\t\t\t\t<svg aria-hidden=\"true\" class=\"e-font-icon-svg e-fas-angle-right\" viewBox=\"0 0 256 512\" xmlns=\"http:\/\/www.w3.org\/2000\/svg\"><path d=\"M224.3 273l-136 136c-9.4 9.4-24.6 9.4-33.9 0l-22.6-22.6c-9.4-9.4-9.4-24.6 0-33.9l96.4-96.4-96.4-96.4c-9.4-9.4-9.4-24.6 0-33.9L54.3 103c9.4-9.4 24.6-9.4 33.9 0l136 136c9.5 9.4 9.5 24.6.1 34z\"><\/path><\/svg>\t\t\t\t\t\t<\/span>\n\t\t\t\t\t\t\t\t\t\t<span class=\"elementor-icon-list-text\">Pompe a chaleur<\/span>\n\t\t\t\t\t\t\t\t\t\t\t<\/a>\n\t\t\t\t\t\t\t\t\t<\/li>\n\t\t\t\t\t\t<\/ul>\n\t\t\t\t\t\t<\/div>\n\t\t\t\t<div class=\"elementor-element elementor-element-9a7178d elementor-widget elementor-widget-image\" data-id=\"9a7178d\" data-element_type=\"widget\" data-e-type=\"widget\" data-widget_type=\"image.default\">\n\t\t\t\t\t\t\t\t\t\t\t\t\t\t\t<img fetchpriority=\"high\" decoding=\"async\" width=\"800\" height=\"450\" src=\"https:\/\/flowplus.be\/site\/2024\/wp-content\/uploads\/2023\/02\/hvac-technician-using-modern-technology-instruments-to-analyze-hvac-units-in-beach-condo-1-1-1024x576.jpg\" class=\"attachment-large size-large wp-image-13706\" alt=\"\" srcset=\"https:\/\/flowplus.be\/site\/2024\/wp-content\/uploads\/2023\/02\/hvac-technician-using-modern-technology-instruments-to-analyze-hvac-units-in-beach-condo-1-1-1024x576.jpg 1024w, https:\/\/flowplus.be\/site\/2024\/wp-content\/uploads\/2023\/02\/hvac-technician-using-modern-technology-instruments-to-analyze-hvac-units-in-beach-condo-1-1-300x169.jpg 300w, https:\/\/flowplus.be\/site\/2024\/wp-content\/uploads\/2023\/02\/hvac-technician-using-modern-technology-instruments-to-analyze-hvac-units-in-beach-condo-1-1-768x432.jpg 768w, https:\/\/flowplus.be\/site\/2024\/wp-content\/uploads\/2023\/02\/hvac-technician-using-modern-technology-instruments-to-analyze-hvac-units-in-beach-condo-1-1-1536x864.jpg 1536w, https:\/\/flowplus.be\/site\/2024\/wp-content\/uploads\/2023\/02\/hvac-technician-using-modern-technology-instruments-to-analyze-hvac-units-in-beach-condo-1-1.jpg 2000w\" sizes=\"(max-width: 800px) 100vw, 800px\" \/>\t\t\t\t\t\t\t\t\t\t\t\t\t\t\t<\/div>\n\t\t\t\t\t<\/div>\n\t\t<\/div>\n\t\t\t\t\t<\/div>\n\t\t<\/section>\n\t\t\t\t\t<\/div>\n\t\t<\/div>\n\t\t\t\t\t<\/div>\n\t\t<\/section>\n\t\t\t\t<\/div>\n\t\t","protected":false},"excerpt":{"rendered":"<p>Entretien de la climatisation Flowplus s&rsquo;occupe de l&rsquo;entretien de votre climatiseur.\u200b La climatisation\u00a0est un atout majeur pour votre maison ou votre bureau, mais il n\u2019offrira des performances et une long\u00e9vit\u00e9 optimales que si vous\u00a0entretenez correctement\u00a0votre\u00a0syst\u00e8me de climatisation. Un\u00a0entretien\u00a0annuel\u00a0de votre\u00a0syst\u00e8me de climatisation\u00a0n\u2019est donc pas exag\u00e9r\u00e9, compte tenu du fait que votre\u00a0syst\u00e8me de climatisation\u00a0vous fournit chaque jour [&hellip;]<\/p>\n","protected":false},"author":1,"featured_media":0,"parent":16258,"menu_order":0,"comment_status":"closed","ping_status":"closed","template":"","meta":{"footnotes":""},"class_list":["post-16272","page","type-page","status-publish","hentry"],"yoast_head":"<!-- This site is optimized with the Yoast SEO Premium plugin v27.5 (Yoast SEO v27.6) - https:\/\/yoast.com\/product\/yoast-seo-premium-wordpress\/ -->\n<title>Vous pouvez compter sur nous pour l\u2019entretien de votre climatisation, particuliers comme entreprises. Contactez-nous d\u00e8s aujourd&#039;hui !<\/title>\n<meta name=\"robots\" content=\"index, follow, max-snippet:-1, max-image-preview:large, max-video-preview:-1\" \/>\n<link rel=\"canonical\" href=\"https:\/\/flowplus.be\/fr\/climatisation\/entretien-de-la-climatisation\/\" \/>\n<meta property=\"og:locale\" content=\"fr_FR\" \/>\n<meta property=\"og:type\" content=\"article\" \/>\n<meta property=\"og:title\" content=\"Entretien de la climatisation\" \/>\n<meta property=\"og:description\" content=\"Entretien de la climatisation Flowplus s&rsquo;occupe de l&rsquo;entretien de votre climatiseur.\u200b La climatisation\u00a0est un atout majeur pour votre maison ou votre bureau, mais il n\u2019offrira des performances et une long\u00e9vit\u00e9 optimales que si vous\u00a0entretenez correctement\u00a0votre\u00a0syst\u00e8me de climatisation. Un\u00a0entretien\u00a0annuel\u00a0de votre\u00a0syst\u00e8me de climatisation\u00a0n\u2019est donc pas exag\u00e9r\u00e9, compte tenu du fait que votre\u00a0syst\u00e8me de climatisation\u00a0vous fournit chaque jour [&hellip;]\" \/>\n<meta property=\"og:url\" content=\"https:\/\/flowplus.be\/fr\/climatisation\/entretien-de-la-climatisation\/\" \/>\n<meta property=\"og:site_name\" content=\"Flowplus | Airco - Warmtepompen - Ventilatie\" \/>\n<meta property=\"article:publisher\" content=\"https:\/\/www.facebook.com\/people\/Flowplus\/100049219518867\/\" \/>\n<meta property=\"article:modified_time\" content=\"2024-01-14T10:09:07+00:00\" \/>\n<meta property=\"og:image\" content=\"https:\/\/flowplus.be\/site\/2024\/wp-content\/uploads\/2023\/02\/hvac-technician-using-modern-technology-instruments-to-analyze-hvac-units-in-beach-condo-1-1-1024x576.jpg\" \/>\n<meta name=\"twitter:card\" content=\"summary_large_image\" \/>\n<meta name=\"twitter:label1\" content=\"Dur\u00e9e de lecture estim\u00e9e\" \/>\n\t<meta name=\"twitter:data1\" content=\"1 minute\" \/>\n<script type=\"application\/ld+json\" class=\"yoast-schema-graph\">{\"@context\":\"https:\\\/\\\/schema.org\",\"@graph\":[{\"@type\":\"WebPage\",\"@id\":\"https:\\\/\\\/flowplus.be\\\/fr\\\/climatisation\\\/entretien-de-la-climatisation\\\/\",\"url\":\"https:\\\/\\\/flowplus.be\\\/fr\\\/climatisation\\\/entretien-de-la-climatisation\\\/\",\"name\":\"Vous pouvez compter sur nous pour l\u2019entretien de votre climatisation, particuliers comme entreprises. Contactez-nous d\u00e8s aujourd'hui !\",\"isPartOf\":{\"@id\":\"https:\\\/\\\/flowplus.be\\\/fr\\\/#website\"},\"primaryImageOfPage\":{\"@id\":\"https:\\\/\\\/flowplus.be\\\/fr\\\/climatisation\\\/entretien-de-la-climatisation\\\/#primaryimage\"},\"image\":{\"@id\":\"https:\\\/\\\/flowplus.be\\\/fr\\\/climatisation\\\/entretien-de-la-climatisation\\\/#primaryimage\"},\"thumbnailUrl\":\"https:\\\/\\\/flowplus.be\\\/site\\\/2024\\\/wp-content\\\/uploads\\\/2023\\\/02\\\/hvac-technician-using-modern-technology-instruments-to-analyze-hvac-units-in-beach-condo-1-1-1024x576.jpg\",\"datePublished\":\"2024-01-12T08:09:33+00:00\",\"dateModified\":\"2024-01-14T10:09:07+00:00\",\"breadcrumb\":{\"@id\":\"https:\\\/\\\/flowplus.be\\\/fr\\\/climatisation\\\/entretien-de-la-climatisation\\\/#breadcrumb\"},\"inLanguage\":\"fr-FR\",\"potentialAction\":[{\"@type\":\"ReadAction\",\"target\":[\"https:\\\/\\\/flowplus.be\\\/fr\\\/climatisation\\\/entretien-de-la-climatisation\\\/\"]}]},{\"@type\":\"ImageObject\",\"inLanguage\":\"fr-FR\",\"@id\":\"https:\\\/\\\/flowplus.be\\\/fr\\\/climatisation\\\/entretien-de-la-climatisation\\\/#primaryimage\",\"url\":\"https:\\\/\\\/flowplus.be\\\/site\\\/2024\\\/wp-content\\\/uploads\\\/2023\\\/02\\\/hvac-technician-using-modern-technology-instruments-to-analyze-hvac-units-in-beach-condo-1-1-1024x576.jpg\",\"contentUrl\":\"https:\\\/\\\/flowplus.be\\\/site\\\/2024\\\/wp-content\\\/uploads\\\/2023\\\/02\\\/hvac-technician-using-modern-technology-instruments-to-analyze-hvac-units-in-beach-condo-1-1-1024x576.jpg\"},{\"@type\":\"BreadcrumbList\",\"@id\":\"https:\\\/\\\/flowplus.be\\\/fr\\\/climatisation\\\/entretien-de-la-climatisation\\\/#breadcrumb\",\"itemListElement\":[{\"@type\":\"ListItem\",\"position\":1,\"name\":\"Home\",\"item\":\"https:\\\/\\\/flowplus.be\\\/fr\\\/\"},{\"@type\":\"ListItem\",\"position\":2,\"name\":\"Climatisation\",\"item\":\"https:\\\/\\\/flowplus.be\\\/fr\\\/airco\\\/\"},{\"@type\":\"ListItem\",\"position\":3,\"name\":\"Entretien de la climatisation\"}]},{\"@type\":\"WebSite\",\"@id\":\"https:\\\/\\\/flowplus.be\\\/fr\\\/#website\",\"url\":\"https:\\\/\\\/flowplus.be\\\/fr\\\/\",\"name\":\"Flowplus | Airco - Warmtepompen - Ventilatie\",\"description\":\"Jouw hvac partner\",\"potentialAction\":[{\"@type\":\"SearchAction\",\"target\":{\"@type\":\"EntryPoint\",\"urlTemplate\":\"https:\\\/\\\/flowplus.be\\\/fr\\\/?s={search_term_string}\"},\"query-input\":{\"@type\":\"PropertyValueSpecification\",\"valueRequired\":true,\"valueName\":\"search_term_string\"}}],\"inLanguage\":\"fr-FR\"}]}<\/script>\n<!-- \/ Yoast SEO Premium plugin. -->","yoast_head_json":{"title":"Vous pouvez compter sur nous pour l\u2019entretien de votre climatisation, particuliers comme entreprises. Contactez-nous d\u00e8s aujourd'hui !","robots":{"index":"index","follow":"follow","max-snippet":"max-snippet:-1","max-image-preview":"max-image-preview:large","max-video-preview":"max-video-preview:-1"},"canonical":"https:\/\/flowplus.be\/fr\/climatisation\/entretien-de-la-climatisation\/","og_locale":"fr_FR","og_type":"article","og_title":"Entretien de la climatisation","og_description":"Entretien de la climatisation Flowplus s&rsquo;occupe de l&rsquo;entretien de votre climatiseur.\u200b La climatisation\u00a0est un atout majeur pour votre maison ou votre bureau, mais il n\u2019offrira des performances et une long\u00e9vit\u00e9 optimales que si vous\u00a0entretenez correctement\u00a0votre\u00a0syst\u00e8me de climatisation. Un\u00a0entretien\u00a0annuel\u00a0de votre\u00a0syst\u00e8me de climatisation\u00a0n\u2019est donc pas exag\u00e9r\u00e9, compte tenu du fait que votre\u00a0syst\u00e8me de climatisation\u00a0vous fournit chaque jour [&hellip;]","og_url":"https:\/\/flowplus.be\/fr\/climatisation\/entretien-de-la-climatisation\/","og_site_name":"Flowplus | Airco - Warmtepompen - Ventilatie","article_publisher":"https:\/\/www.facebook.com\/people\/Flowplus\/100049219518867\/","article_modified_time":"2024-01-14T10:09:07+00:00","og_image":[{"url":"https:\/\/flowplus.be\/site\/2024\/wp-content\/uploads\/2023\/02\/hvac-technician-using-modern-technology-instruments-to-analyze-hvac-units-in-beach-condo-1-1-1024x576.jpg","type":"","width":"","height":""}],"twitter_card":"summary_large_image","twitter_misc":{"Dur\u00e9e de lecture estim\u00e9e":"1 minute"},"schema":{"@context":"https:\/\/schema.org","@graph":[{"@type":"WebPage","@id":"https:\/\/flowplus.be\/fr\/climatisation\/entretien-de-la-climatisation\/","url":"https:\/\/flowplus.be\/fr\/climatisation\/entretien-de-la-climatisation\/","name":"Vous pouvez compter sur nous pour l\u2019entretien de votre climatisation, particuliers comme entreprises. Contactez-nous d\u00e8s aujourd'hui !","isPartOf":{"@id":"https:\/\/flowplus.be\/fr\/#website"},"primaryImageOfPage":{"@id":"https:\/\/flowplus.be\/fr\/climatisation\/entretien-de-la-climatisation\/#primaryimage"},"image":{"@id":"https:\/\/flowplus.be\/fr\/climatisation\/entretien-de-la-climatisation\/#primaryimage"},"thumbnailUrl":"https:\/\/flowplus.be\/site\/2024\/wp-content\/uploads\/2023\/02\/hvac-technician-using-modern-technology-instruments-to-analyze-hvac-units-in-beach-condo-1-1-1024x576.jpg","datePublished":"2024-01-12T08:09:33+00:00","dateModified":"2024-01-14T10:09:07+00:00","breadcrumb":{"@id":"https:\/\/flowplus.be\/fr\/climatisation\/entretien-de-la-climatisation\/#breadcrumb"},"inLanguage":"fr-FR","potentialAction":[{"@type":"ReadAction","target":["https:\/\/flowplus.be\/fr\/climatisation\/entretien-de-la-climatisation\/"]}]},{"@type":"ImageObject","inLanguage":"fr-FR","@id":"https:\/\/flowplus.be\/fr\/climatisation\/entretien-de-la-climatisation\/#primaryimage","url":"https:\/\/flowplus.be\/site\/2024\/wp-content\/uploads\/2023\/02\/hvac-technician-using-modern-technology-instruments-to-analyze-hvac-units-in-beach-condo-1-1-1024x576.jpg","contentUrl":"https:\/\/flowplus.be\/site\/2024\/wp-content\/uploads\/2023\/02\/hvac-technician-using-modern-technology-instruments-to-analyze-hvac-units-in-beach-condo-1-1-1024x576.jpg"},{"@type":"BreadcrumbList","@id":"https:\/\/flowplus.be\/fr\/climatisation\/entretien-de-la-climatisation\/#breadcrumb","itemListElement":[{"@type":"ListItem","position":1,"name":"Home","item":"https:\/\/flowplus.be\/fr\/"},{"@type":"ListItem","position":2,"name":"Climatisation","item":"https:\/\/flowplus.be\/fr\/airco\/"},{"@type":"ListItem","position":3,"name":"Entretien de la climatisation"}]},{"@type":"WebSite","@id":"https:\/\/flowplus.be\/fr\/#website","url":"https:\/\/flowplus.be\/fr\/","name":"Flowplus | Airco - Warmtepompen - Ventilatie","description":"Jouw hvac partner","potentialAction":[{"@type":"SearchAction","target":{"@type":"EntryPoint","urlTemplate":"https:\/\/flowplus.be\/fr\/?s={search_term_string}"},"query-input":{"@type":"PropertyValueSpecification","valueRequired":true,"valueName":"search_term_string"}}],"inLanguage":"fr-FR"}]}},"_links":{"self":[{"href":"https:\/\/flowplus.be\/fr\/wp-json\/wp\/v2\/pages\/16272","targetHints":{"allow":["GET"]}}],"collection":[{"href":"https:\/\/flowplus.be\/fr\/wp-json\/wp\/v2\/pages"}],"about":[{"href":"https:\/\/flowplus.be\/fr\/wp-json\/wp\/v2\/types\/page"}],"author":[{"embeddable":true,"href":"https:\/\/flowplus.be\/fr\/wp-json\/wp\/v2\/users\/1"}],"replies":[{"embeddable":true,"href":"https:\/\/flowplus.be\/fr\/wp-json\/wp\/v2\/comments?post=16272"}],"version-history":[{"count":1,"href":"https:\/\/flowplus.be\/fr\/wp-json\/wp\/v2\/pages\/16272\/revisions"}],"predecessor-version":[{"id":16326,"href":"https:\/\/flowplus.be\/fr\/wp-json\/wp\/v2\/pages\/16272\/revisions\/16326"}],"up":[{"embeddable":true,"href":"https:\/\/flowplus.be\/fr\/wp-json\/wp\/v2\/pages\/16258"}],"wp:attachment":[{"href":"https:\/\/flowplus.be\/fr\/wp-json\/wp\/v2\/media?parent=16272"}],"curies":[{"name":"wp","href":"https:\/\/api.w.org\/{rel}","templated":true}]}}